{"id":80,"date":"2008-06-24T15:44:52","date_gmt":"2008-06-24T13:44:52","guid":{"rendered":"http:\/\/e-business-unternehmensberatung.com\/blog\/?page_id=80"},"modified":"2013-01-30T21:59:59","modified_gmt":"2013-01-30T19:59:59","slug":"unternehmensberatung-leipzig","status":"publish","type":"page","link":"https:\/\/www.e-business-unternehmensberatung.com\/blog\/beratung-verzeichnis\/unternehmensberatungen\/unternehmensberatung-leipzig\/","title":{"rendered":"Unternehmensberatung Leipzig"},"content":{"rendered":"<h4>Consulting Informationen und Beratungsangebote der e-Business Unternehmensberatung und weiterer Unternehmensberater in Leipzig<\/h4>\n<p><a href=\"https:\/\/www.e-business-unternehmensberatung.com\/blog\/wp-content\/uploads\/2008\/06\/Unternehmensberater-Leipzig.png\"><img loading=\"lazy\" decoding=\"async\" class=\"alignright size-full wp-image-3318\" title=\"Unternehmensberater Leipzig\" src=\"https:\/\/www.e-business-unternehmensberatung.com\/blog\/wp-content\/uploads\/2008\/06\/Unternehmensberater-Leipzig.png\" alt=\"Unternehmensberater in Leipzig\" width=\"77\" height=\"75\" \/><\/a>Sie suchen nach den erfolgreichsten Wegen und Strategien um im Internet neue Kunden zu gewinnen? Sie m\u00f6chten mit Ihren bestehenden Kunden bessere Ergebnisse realisieren und innovative Marketingstrategien optimal in Ihr Gesch\u00e4ftskonzept integrieren? Die e-Business Unternehmensberatung zeigt Ihnen diese Wege und f\u00fchrt Sie zielsicher zum Erfolg. Von der Webseite oder dem Shopsystem, der Suchmaschinenoptimierung und Suchmaschinen- Internetmarketing bis zu den sozialen Netzwerken. Die e-Business Unternehmensberatung zeigt Ihnen wie es geht. Hier sehen Sie mehr zu unseren <a title=\"Unternehmensberater in Leipzig\" href=\"https:\/\/www.e-business-unternehmensberatung.com\/blog\/unsere-beratungsleistungen\/\">Beratungsleistungen<\/a>. Wir freuen uns auf Ihren Anruf!<\/p>\n<p>.<\/p>\n<div id=\"attachment_1554\" style=\"width: 310px\" class=\"wp-caption alignleft\"><a href=\"https:\/\/www.e-business-unternehmensberatung.com\/blog\/wp-content\/uploads\/2008\/06\/Leipzig-Unternehmensberatungen.jpg\"><img loading=\"lazy\" decoding=\"async\" aria-describedby=\"caption-attachment-1554\" class=\"size-medium wp-image-1554\" title=\"Leipzig Unternehmensberatungen\" src=\"https:\/\/www.e-business-unternehmensberatung.com\/blog\/wp-content\/uploads\/2008\/06\/Leipzig-Unternehmensberatungen-300x248.jpg\" alt=\"Leipzig Unternehmensberatungen\" width=\"300\" height=\"248\" srcset=\"https:\/\/www.e-business-unternehmensberatung.com\/blog\/wp-content\/uploads\/2008\/06\/Leipzig-Unternehmensberatungen-300x248.jpg 300w, https:\/\/www.e-business-unternehmensberatung.com\/blog\/wp-content\/uploads\/2008\/06\/Leipzig-Unternehmensberatungen.jpg 381w\" sizes=\"auto, (max-width: 300px) 100vw, 300px\" \/><\/a><p id=\"caption-attachment-1554\" class=\"wp-caption-text\">Leipzig_411272 \u00a9 Harald Lange Fotolia<\/p><\/div>\n<p>Leipzig, mit etwa 520.000 Einwohnern die bev\u00f6lkerungsreichste Stadt der f\u00fcnf neuen Bundesl\u00e4nder und damit die gr\u00f6\u00dfte Stadt des Freistaates Sachsen. Eine der \u00e4ltesten Universit\u00e4ten Deutschlands ist hier ebenso zu finden wie eine ebenfalls sehr alte Tradition als Messestadt und vor allen Dingen der Musiktradition. So findet sich in Leipzig das Musikerviertel als Anleihe an das Wirken von Johann Sebastian Bach und Felix Mendelssohn Bartholdy sowie des Leipziger Gewandhausorchester und des Thomanerchors. Wirtschaftlich bietet Leipzig eine Bandbreite aus Dienstleistung, Maschinenbau und Automobilindustrie. Unternehmen wie BMW, Porsche, Siemens sowie eines der gr\u00f6\u00dften deutschen Kinounternehmen, die Kinowelt, und zahlreiche weitere Unternehmen beheimatet. Unternehmensberater in Leipzig finden hier eine breite Basis an Einsatzm\u00f6glichkeiten.<\/p>\n<p>Wenn Sie selbst Unternehmensberater in Leipzig und Umgebung sind und als Netzwerkpartner der e-Business Unternehmensberatung eine eigene erfolgreiche Pr\u00e4sentationsseite \/ Verlinkung im Bereich Unternehmensberatung Leipzig nutzen m\u00f6chten, lesen Sie bitte die Informationen auf unserer Seite <a title=\"Unternehmensberatung Partner  werden\" href=\"https:\/\/www.e-business-unternehmensberatung.com\/blog\/netzwerk-partner-werden\/\" target=\"_blank\">Netzwerkpartner werden<\/a>.<\/p>\n<p>Finden Sie hier weitere Ansprechpartner f\u00fcr ihre Region.<\/p>\n<p><a href=\"https:\/\/www.e-business-unternehmensberatung.com\/blog\/beratung-verzeichnis\/unternehmensberatungen\/unternehmensberatung-leipzig\/internet-marketing-consulting-leipzig\/\">e-Business Unternehmensberatung Leipzig<\/a><\/p>\n<p><a href=\"https:\/\/www.e-business-unternehmensberatung.com\/blog\/beratung-verzeichnis\/unternehmensberatungen\/unternehmensberatung-leipzig\/ihk-leipzig\/\">IHK Leipzig<\/a><\/p>\n","protected":false},"excerpt":{"rendered":"<p>Consulting Informationen und Beratungsangebote der e-Business Unternehmensberatung und weiterer Unternehmensberater in Leipzig Sie suchen nach den erfolgreichsten Wegen und Strategien um im Internet neue Kunden zu gewinnen? Sie m\u00f6chten mit Ihren bestehenden Kunden bessere Ergebnisse realisieren und innovative Marketingstrategien optimal in Ihr Gesch\u00e4ftskonzept integrieren? Die e-Business Unternehmensberatung zeigt Ihnen diese Wege und f\u00fchrt Sie zielsicher [&hellip;]<\/p>\n","protected":false},"author":1,"featured_media":0,"parent":23,"menu_order":28,"comment_status":"open","ping_status":"open","template":"","meta":{"_monsterinsights_skip_tracking":false,"_monsterinsights_sitenote_active":false,"_monsterinsights_sitenote_note":"","_monsterinsights_sitenote_category":0,"footnotes":""},"class_list":["post-80","page","type-page","status-publish","hentry"],"aioseo_notices":[],"_links":{"self":[{"href":"https:\/\/www.e-business-unternehmensberatung.com\/blog\/wp-json\/wp\/v2\/pages\/80","targetHints":{"allow":["GET"]}}],"collection":[{"href":"https:\/\/www.e-business-unternehmensberatung.com\/blog\/wp-json\/wp\/v2\/pages"}],"about":[{"href":"https:\/\/www.e-business-unternehmensberatung.com\/blog\/wp-json\/wp\/v2\/types\/page"}],"author":[{"embeddable":true,"href":"https:\/\/www.e-business-unternehmensberatung.com\/blog\/wp-json\/wp\/v2\/users\/1"}],"replies":[{"embeddable":true,"href":"https:\/\/www.e-business-unternehmensberatung.com\/blog\/wp-json\/wp\/v2\/comments?post=80"}],"version-history":[{"count":0,"href":"https:\/\/www.e-business-unternehmensberatung.com\/blog\/wp-json\/wp\/v2\/pages\/80\/revisions"}],"up":[{"embeddable":true,"href":"https:\/\/www.e-business-unternehmensberatung.com\/blog\/wp-json\/wp\/v2\/pages\/23"}],"wp:attachment":[{"href":"https:\/\/www.e-business-unternehmensberatung.com\/blog\/wp-json\/wp\/v2\/media?parent=80"}],"curies":[{"name":"wp","href":"https:\/\/api.w.org\/{rel}","templated":true}]}}