{"id":88,"date":"2008-06-24T15:56:06","date_gmt":"2008-06-24T13:56:06","guid":{"rendered":"http:\/\/e-business-unternehmensberatung.com\/blog\/?page_id=88"},"modified":"2013-01-30T22:02:39","modified_gmt":"2013-01-30T20:02:39","slug":"unternehmensberatung-muenchen","status":"publish","type":"page","link":"https:\/\/www.e-business-unternehmensberatung.com\/blog\/beratung-verzeichnis\/unternehmensberatungen\/unternehmensberatung-muenchen\/","title":{"rendered":"Unternehmensberatung M\u00fcnchen"},"content":{"rendered":"<h4>Consulting Informationen und Beratungsangebote der e-Business Unternehmensberatung und weiterer Unternehmensberater in M\u00fcnchen<\/h4>\n<p>Sie suchen nach den erfolgreichsten Wegen und Strategien um im Internet neue Kunden zu gewinnen? Sie m\u00f6chten mit Ihren bestehenden Kunden bessere Ergebnisse <a href=\"https:\/\/www.e-business-unternehmensberatung.com\/blog\/wp-content\/uploads\/2008\/06\/Unternehmensberater-Muenchen.png\"><img loading=\"lazy\" decoding=\"async\" class=\"alignright size-full wp-image-3657\" title=\"Unternehmensberater M\u00fcnchen\" src=\"https:\/\/www.e-business-unternehmensberatung.com\/blog\/wp-content\/uploads\/2008\/06\/Unternehmensberater-Muenchen.png\" alt=\"Unternehmensberater in M\u00fcnchen\" width=\"77\" height=\"75\" \/><\/a>realisieren und innovative Marketingstrategien optimal in Ihr Gesch\u00e4ftskonzept integrieren? Die e-Business Unternehmensberatung zeigt Ihnen diese Wege und f\u00fchrt Sie zielsicher zum Erfolg. Von der Webseite oder dem Shopsystem, der Suchmaschinenoptimierung und Suchmaschinen- Internetmarketing bis zu den sozialen Netzwerken. Die e-Business Unternehmensberatung zeigt Ihnen wie es geht. Hier sehen Sie mehr zu unseren\u00a0<a title=\"Unternehmensberater in M\u00fcnchen\" href=\"https:\/\/www.e-business-unternehmensberatung.com\/blog\/unsere-beratungsleistungen\/\">Beratungsleistungen<\/a>. Wir freuen uns auf Ihren Anruf!<\/p>\n<p>.<\/p>\n<div id=\"attachment_1563\" style=\"width: 310px\" class=\"wp-caption alignleft\"><a href=\"https:\/\/www.e-business-unternehmensberatung.com\/blog\/wp-content\/uploads\/2008\/06\/Muenchen-Unternehmensberatungen.jpg\"><img loading=\"lazy\" decoding=\"async\" aria-describedby=\"caption-attachment-1563\" class=\"size-medium wp-image-1563\" title=\"M\u00fcnchen Unternehmensberatungen\" src=\"https:\/\/www.e-business-unternehmensberatung.com\/blog\/wp-content\/uploads\/2008\/06\/Muenchen-Unternehmensberatungen-300x214.jpg\" alt=\"M\u00fcnchen Unternehmensberatungen\" width=\"300\" height=\"214\" srcset=\"https:\/\/www.e-business-unternehmensberatung.com\/blog\/wp-content\/uploads\/2008\/06\/Muenchen-Unternehmensberatungen-300x214.jpg 300w, https:\/\/www.e-business-unternehmensberatung.com\/blog\/wp-content\/uploads\/2008\/06\/Muenchen-Unternehmensberatungen.jpg 409w\" sizes=\"auto, (max-width: 300px) 100vw, 300px\" \/><\/a><p id=\"caption-attachment-1563\" class=\"wp-caption-text\">M\u00fcnchen Rathaus und Frauenkirche \u00a9 Manfred Steinbach Fotolia<\/p><\/div>\n<p>M\u00fcnchen, die Landeshauptstadt Bayerns und mit etwa 1,35 Mio Einwohnern die drittgr\u00f6\u00dfte Stadt Deutschlands. Kultur, Kunst, Wissenschaft und Wirtschaft sind in M\u00fcnchen zu Hause. Von daher ist M\u00fcnchen einer der top Standorte f\u00fcr Unternehmen aus aller Welt. Nach New York hat M\u00fcnchen die zweith\u00f6chste Zahl an Verlagen und im benachbarten Unterf\u00f6hring haben TV Unternehmen ihren Sitz. Die Biotechnologie hat in Planegg eine deutliche Pr\u00e4senz gefunden und mit der Messe und dem Flughafen verf\u00fcgt M\u00fcnchen \u00fcber weitere Statements zum Thema internationale Metropole. Weltunternehmen, wie BMW, Siemens, Allianz, Linde, Munich Re, MAN, Infineon und viele andere Unternehmen haben hier ihre Adresse. Unternehmensberater befinden sich in M\u00fcnchen in bester Gesellschaft.<\/p>\n<p>Wenn Sie selbst Unternehmensberater in M\u00fcnchen und Umgebung sind und als Netzwerkpartner der e-Business Unternehmensberatung eine eigene erfolgreiche Pr\u00e4sentationsseite \/ Verlinkung im Bereich Unternehmensberatung M\u00fcnchen nutzen m\u00f6chten, lesen Sie bitte die Informationen auf unserer Seite <a title=\"Unternehmensberatung Partner  werden\" href=\"https:\/\/www.e-business-unternehmensberatung.com\/blog\/netzwerk-partner-werden\/\" target=\"_blank\">Netzwerkpartner werden<\/a>.<\/p>\n<p>Finden Sie hier weitere Ansprechpartner f\u00fcr ihre Region.<\/p>\n<p><a href=\"https:\/\/www.e-business-unternehmensberatung.com\/blog\/beratung-verzeichnis\/unternehmensberatungen\/unternehmensberatung-muenchen\/e-commerce-marketing-unternehmensberatung-muenchen\/\">e-Business Unternehmensberatung M\u00fcnchen<\/a><\/p>\n<p><a href=\"https:\/\/www.e-business-unternehmensberatung.com\/blog\/beratung-verzeichnis\/unternehmensberatungen\/unternehmensberatung-muenchen\/ihk-muenchen\/\">IHK M\u00fcnchen<\/a><\/p>\n","protected":false},"excerpt":{"rendered":"<p>Consulting Informationen und Beratungsangebote der e-Business Unternehmensberatung und weiterer Unternehmensberater in M\u00fcnchen Sie suchen nach den erfolgreichsten Wegen und Strategien um im Internet neue Kunden zu gewinnen? Sie m\u00f6chten mit Ihren bestehenden Kunden bessere Ergebnisse realisieren und innovative Marketingstrategien optimal in Ihr Gesch\u00e4ftskonzept integrieren? Die e-Business Unternehmensberatung zeigt Ihnen diese Wege und f\u00fchrt Sie zielsicher [&hellip;]<\/p>\n","protected":false},"author":1,"featured_media":0,"parent":23,"menu_order":32,"comment_status":"open","ping_status":"open","template":"","meta":{"_monsterinsights_skip_tracking":false,"_monsterinsights_sitenote_active":false,"_monsterinsights_sitenote_note":"","_monsterinsights_sitenote_category":0,"footnotes":""},"class_list":["post-88","page","type-page","status-publish","hentry"],"aioseo_notices":[],"_links":{"self":[{"href":"https:\/\/www.e-business-unternehmensberatung.com\/blog\/wp-json\/wp\/v2\/pages\/88","targetHints":{"allow":["GET"]}}],"collection":[{"href":"https:\/\/www.e-business-unternehmensberatung.com\/blog\/wp-json\/wp\/v2\/pages"}],"about":[{"href":"https:\/\/www.e-business-unternehmensberatung.com\/blog\/wp-json\/wp\/v2\/types\/page"}],"author":[{"embeddable":true,"href":"https:\/\/www.e-business-unternehmensberatung.com\/blog\/wp-json\/wp\/v2\/users\/1"}],"replies":[{"embeddable":true,"href":"https:\/\/www.e-business-unternehmensberatung.com\/blog\/wp-json\/wp\/v2\/comments?post=88"}],"version-history":[{"count":0,"href":"https:\/\/www.e-business-unternehmensberatung.com\/blog\/wp-json\/wp\/v2\/pages\/88\/revisions"}],"up":[{"embeddable":true,"href":"https:\/\/www.e-business-unternehmensberatung.com\/blog\/wp-json\/wp\/v2\/pages\/23"}],"wp:attachment":[{"href":"https:\/\/www.e-business-unternehmensberatung.com\/blog\/wp-json\/wp\/v2\/media?parent=88"}],"curies":[{"name":"wp","href":"https:\/\/api.w.org\/{rel}","templated":true}]}}