{"id":916,"date":"2010-05-11T18:49:48","date_gmt":"2010-05-11T16:49:48","guid":{"rendered":"http:\/\/www.e-business-unternehmensberatung.com\/blog\/?page_id=916"},"modified":"2011-03-02T21:04:40","modified_gmt":"2011-03-02T19:04:40","slug":"kfw-existenzgruendungsberatung-minden-herford-porta-westfalica","status":"publish","type":"page","link":"https:\/\/www.e-business-unternehmensberatung.com\/blog\/beratung-verzeichnis\/unternehmensberatungen\/unternehmensberatung-minden\/kfw-existenzgruendungsberatung-minden-herford-porta-westfalica\/","title":{"rendered":"KfW Existenzgr\u00fcndungsberatung Minden &#8211; Herford &#8211; Porta Westfalica"},"content":{"rendered":"<p><img loading=\"lazy\" decoding=\"async\" class=\"aligncenter\" title=\"Existenzgruendungsberatung\" src=\"https:\/\/www.e-business-unternehmensberatung.com\/blog\/wp-content\/uploads\/2009\/02\/logo-e-business-190x120.jpg\" alt=\"\" width=\"190\" height=\"120\" \/><\/p>\n<p>Eine Existenzgr\u00fcndung geh\u00f6rt zu den anspruchsvollsten Aufgaben im Leben. Eine erstklassige Existenzgr\u00fcndungsberatung nach KfW Mittelstandsbank F\u00f6rderrichtlinien ist die optimale Vorbereitung und Begleitung auf dem Weg in die erfolgreiche Selbst\u00e4ndigkeit. Konkrete Hilfestellung in Fragen der formalen Abwicklung der Existenzgr\u00fcndung und klare Ma\u00dfnahmen zur umgehenden Vergr\u00f6\u00dferung des Verkaufserfolges sind gerade im Gr\u00fcndungsstadium einer Firma elementare Aufgaben, die die e-Business Unternehmensberatung mit seiner Existenzgr\u00fcndungsberatung gemeinsam mit dem Existenzgr\u00fcnder l\u00f6st.<\/p>\n<p>Sie erhalten vom ersten Gespr\u00e4ch an einen sofort umsetzbaren Erfolgsplan damit Ihre Existenzgr\u00fcndung auf soliden F\u00fc\u00dfen steht. Dazu geh\u00f6rt in unserer Existenzgr\u00fcndungsberatung in deutlicher Auspr\u00e4gung die F\u00e4higkeit, innerhalb kurzer Zeit Ihre Botschaft ankommen zu lassen und damit Ihren Verkaufserfolg zu gew\u00e4hrleisten. Pragmatisch denken und praktisch handeln lautet die Devise. Weg von der Theorie und hin zu umgehenden Erfolgserlebnissen mit konkreten Ergebnissen f\u00fcr Ihren weiteren Weg. Im Rahmen des laufenden Gr\u00fcndercoaching begleiten wir Sie gern zu neuen Umsatz- und Gewinnrekorden. Und als zugelassener Berater der KfW Mittelstandsbank Beraterb\u00f6rse in ganz Deutschland und weit dar\u00fcber hinaus mit entsprechend umfangreicher finanzieller F\u00f6rderung unserer Existenzgr\u00fcndungsberatung.<\/p>\n<p><a title=\"Existenzgruendungsberatung Beratungsleistungen\" href=\"https:\/\/www.e-business-unternehmensberatung.com\/blog\/unsere-beratungsleistungen\/\">Unsere Beratungsleistungen zur Existenzgr\u00fcndungsberatung sehen Sie hier.<\/a><\/p>\n<p>Sprechen Sie uns einfach an:<\/p>\n<p>info(at)e-business-unternehmensberatung.com<\/p>\n","protected":false},"excerpt":{"rendered":"<p>Eine Existenzgr\u00fcndung geh\u00f6rt zu den anspruchsvollsten Aufgaben im Leben. Eine erstklassige Existenzgr\u00fcndungsberatung nach KfW Mittelstandsbank F\u00f6rderrichtlinien ist die optimale Vorbereitung und Begleitung auf dem Weg in die erfolgreiche Selbst\u00e4ndigkeit. Konkrete Hilfestellung in Fragen der formalen Abwicklung der Existenzgr\u00fcndung und klare Ma\u00dfnahmen zur umgehenden Vergr\u00f6\u00dferung des Verkaufserfolges sind gerade im Gr\u00fcndungsstadium einer Firma elementare Aufgaben, die [&hellip;]<\/p>\n","protected":false},"author":1,"featured_media":0,"parent":400,"menu_order":1,"comment_status":"open","ping_status":"open","template":"","meta":{"_monsterinsights_skip_tracking":false,"_monsterinsights_sitenote_active":false,"_monsterinsights_sitenote_note":"","_monsterinsights_sitenote_category":0,"footnotes":""},"class_list":["post-916","page","type-page","status-publish","hentry"],"aioseo_notices":[],"_links":{"self":[{"href":"https:\/\/www.e-business-unternehmensberatung.com\/blog\/wp-json\/wp\/v2\/pages\/916","targetHints":{"allow":["GET"]}}],"collection":[{"href":"https:\/\/www.e-business-unternehmensberatung.com\/blog\/wp-json\/wp\/v2\/pages"}],"about":[{"href":"https:\/\/www.e-business-unternehmensberatung.com\/blog\/wp-json\/wp\/v2\/types\/page"}],"author":[{"embeddable":true,"href":"https:\/\/www.e-business-unternehmensberatung.com\/blog\/wp-json\/wp\/v2\/users\/1"}],"replies":[{"embeddable":true,"href":"https:\/\/www.e-business-unternehmensberatung.com\/blog\/wp-json\/wp\/v2\/comments?post=916"}],"version-history":[{"count":0,"href":"https:\/\/www.e-business-unternehmensberatung.com\/blog\/wp-json\/wp\/v2\/pages\/916\/revisions"}],"up":[{"embeddable":true,"href":"https:\/\/www.e-business-unternehmensberatung.com\/blog\/wp-json\/wp\/v2\/pages\/400"}],"wp:attachment":[{"href":"https:\/\/www.e-business-unternehmensberatung.com\/blog\/wp-json\/wp\/v2\/media?parent=916"}],"curies":[{"name":"wp","href":"https:\/\/api.w.org\/{rel}","templated":true}]}}